{"id":805,"date":"2020-10-27T05:05:27","date_gmt":"2020-10-27T05:05:27","guid":{"rendered":"https:\/\/balbil.com\/about\/"},"modified":"2021-09-23T16:15:33","modified_gmt":"2021-09-23T13:15:33","slug":"about","status":"publish","type":"page","link":"https:\/\/balbil.com\/de\/about\/","title":{"rendered":"Lasst uns einander kennenlernen"},"content":{"rendered":"<p>[vc_row motts_theme_padding=&#8220;no&#8220; use_container=&#8220;yes&#8220; css=&#8220;.vc_custom_1603886300690{padding-top: 100px !important;}&#8220;][vc_column][vc_row_inner][vc_column_inner][ts_section_title align=&#8220;text-left&#8220; tagline=&#8220;Wer wir sind&#8220; title=&#8220;Ein vorbildliches Exportunternehmen im Herzen des Peloponnes&#8220;][\/vc_column_inner][\/vc_row_inner][vc_row_inner content_placement=&#8220;middle&#8220;][vc_column_inner offset=&#8220;vc_col-md-6&#8243;][ts_side_content description=&#8220;From rural crafts and traditions, practical and inspiring<br \/>\ngardening tips, delicious recipes, <strong>wildlife<\/strong>, four-legged<br \/>\nfriends and great places to visit, to discovering more<br \/>\nabout your food provenance and how you can back<br \/>\nBritish farming, Countryside aims to inspire everyone<br \/>\nabout rural life.<\/p>\n<p>Become a member of Countryside to show your<br \/>\nsupport for British food and farming and we\u2019ll send<br \/>\nyou our <u>fantastic magazine<\/u> every month. Plus, you\u2019ll<br \/>\nbe able to enjoy a great range of member benefits<br \/>\nand special offers to help you. Plus, you\u2019ll be able to<br \/>\nenjoy a great range of member benefits and special<br \/>\noffers to help you make the most of the wonderful<br \/>\nBritish countryside. Learn more about <strong>Countryside<\/strong><br \/>\nmember benefits.&#8220; side_content=&#8220;From rural crafts and traditions, practical and inspiring gardening tips, delicious recipes, <strong>wildlife<\/strong>, four-legged friends and great places to visit, to discovering more about your food provenance and how you can back British farming, Countryside aims to inspire everyone about rural life.<\/p>\n<p>Become a member of Countryside to show your support for British food and farming and we\u2019ll send you our <u>fantastic magazine<\/u> every month. Plus, you\u2019ll be able to enjoy a great range of member benefits and special offers to help you. Plus, you\u2019ll be able to enjoy a great range of member benefits and special offers to help you make the most of the wonderful British countryside. Learn more about <strong>Countryside<\/strong> member benefits.&#8220;]Eine Freundschaft, die sich im Laufe der Jahre entwickelt hat, die gemeinsamen Kindheitserinnerungen und Sommernachmittage unter den Orangenb\u00e4umen waren der Anlass, ein zun\u00e4chst kleines Unternehmen zu gr\u00fcnden, dem es nach harter Arbeit und Vision gelungen ist, alle Aromen und D\u00fcfte unseres Ortes ins Ausland zu bringen.<\/p>\n<p><strong>Mit dem Hauptmerkmal unseres Unternehmens, der Qualit\u00e4t unserer Produkte, ist es uns gelungen, einen eigenen LKW in das Unternehmen zu integrieren, mit dem alle Produkte in Griechenland und ganz Europa transportiert werden!<\/strong>[\/ts_side_content][\/vc_column_inner][vc_column_inner offset=&#8220;vc_col-md-6&#8243;][ts_side_image image=&#8220;548&#8243; alt=&#8220;Image&#8220;][\/vc_column_inner][\/vc_row_inner][\/vc_column][\/vc_row][vc_row use_container=&#8220;yes&#8220;][vc_column width=&#8220;1\/3&#8243;][ts_counter_box image=&#8220;550&#8243; value=&#8220;200&#8243; description=&#8220;Tausende von Litern Oliven\u00f6l pro Jahr&#8220;][\/vc_column][vc_column width=&#8220;1\/3&#8243;][ts_counter_box image=&#8220;552&#8243; value=&#8220;350&#8243; description=&#8220;Tonnen Orangen pro Jahr&#8220;][\/vc_column][vc_column width=&#8220;1\/3&#8243;][ts_counter_box image=&#8220;556&#8243; value=&#8220;187&#8243; description=&#8220;zufriedene Kunden in ganz Europa&#8220;][\/vc_column][\/vc_row][vc_row section_background_color=&#8220;#fbf7f4&#8243; use_container=&#8220;yes&#8220; use_predefined_class=&#8220;yes&#8220; predefined_class=&#8220;bottom-white-space&#8220;][vc_column][vc_row_inner][vc_column_inner][ts_section_title tagline=&#8220;Unsere Vision&#8220; title=&#8220;Unsere Vergangenheit, Gegenwart und Zukunft.&#8220;][\/vc_column_inner][\/vc_row_inner][vc_row_inner][vc_column_inner width=&#8220;1\/3&#8243;][ts_image_title_box image=&#8220;487&#8243; title=&#8220;Unsere Orangen&#8220; url=&#8220;#&#8220;][\/vc_column_inner][vc_column_inner width=&#8220;1\/3&#8243;][ts_image_title_box image=&#8220;570&#8243; title=&#8220;Unsere Oliven&#8220; url=&#8220;#&#8220;][\/vc_column_inner][vc_column_inner width=&#8220;1\/3&#8243;][ts_image_title_box image=&#8220;572&#8243; title=&#8220;Unser Oliven\u00f6l&#8220; url=&#8220;#&#8220;][\/vc_column_inner][\/vc_row_inner][vc_row_inner][vc_column_inner][vc_empty_space][\/vc_column_inner][\/vc_row_inner][\/vc_column][\/vc_row][vc_row section_background_color=&#8220;#de5f18&#8243; use_container=&#8220;yes&#8220;][vc_column offset=&#8220;vc_col-md-4&#8243;][ts_expert_box title=&#8220;Die Gr\u00fcnder&#8220; details=&#8220;%5B%7B%22image%22%3A%22751%22%2C%22name%22%3A%22Panagiotis%20Bilias%22%2C%22expert%22%3A%22Gr%C3%BCnder%22%2C%22social_icons%22%3A%22%3Cul%3E%5Cn%20%20%20%20%20%20%3Cli%3E%3Ca%20href%3D%5C%22https%3A%2F%2Fwww.facebook.com%2Fpanagiotis.bilias.3%5C%22%3E%3Ci%20class%3D%5C%22lni%20lni-facebook-filled%5C%22%3E%3C%2Fi%3E%3C%2Fa%3E%3C%2Fli%3E%5Cn%20%20%20%20%3C%2Ful%3E%22%7D%2C%7B%22image%22%3A%22764%22%2C%22name%22%3A%22Takis%20Balabanos%22%2C%22expert%22%3A%22Gr%C3%BCnder%22%7D%2C%7B%22image%22%3A%22944%22%2C%22name%22%3A%22Kostas%20Balabanos%22%2C%22expert%22%3A%22Gr%C3%BCnder%22%7D%2C%7B%22image%22%3A%22941%22%2C%22name%22%3A%22Kostas%20Balabanos%22%2C%22expert%22%3A%22Gr%C3%BCnder%22%7D%5D&#8220;][\/vc_column][vc_column offset=&#8220;vc_col-md-offset-1 vc_col-md-7&#8243;][ts_accordion title=&#8220;H\u00e4ufig gestellte Fragen (FAQ)&#8220; details=&#8220;%5B%7B%22title%22%3A%22Wo%20sind%20wir%3F%22%2C%22description%22%3A%22Sie%20finden%20uns%20in%20Glykovrisi%2C%20Lakonien%2C%20unsere%20B%C3%BCros%20liegen%20an%20der%20Kreisstra%C3%9Fe%20Skalas-Agiou%20Ioanni.%20Wir%20w%C3%BCrden%20uns%20freuen%2C%20Sie%20pers%C3%B6nlich%20kennenzulernen%20und%20Sie%20durch%20das%20Gebiet%20zu%20f%C3%BChren%2C%20in%20dem%20unsere%20Produkte%20verpackt%20werden%2C%20sowie%20durch%20unsere%20Felder.%22%7D%2C%7B%22title%22%3A%22Wie%20kann%20ich%20bestellen%3F%22%2C%22description%22%3A%22Sie%20kontaktieren%20uns%20%C3%BCber%20die%20Telefone%20des%20Unternehmens%2C%20und%20wir%20werden%20Sie%20umfassend%20%C3%BCber%20die%20Bestell-%20und%20Versandmodalit%C3%A4ten%20informieren.%22%7D%2C%7B%22title%22%3A%22Wie%20werden%20Ihre%20Produkte%20transportiert%3F%22%2C%22description%22%3A%22Unsere%20Produkte%20werden%20zun%C3%A4chst%20nach%20den%20von%20der%20EU%20festgelegten%20Spezifikationen%20verpackt%2C%20dann%20in%20klimatisierte%20Speziallastwagen%20verladen%20und%20fahren%20dann%20zum%20Lieferort.%22%7D%5D&#8220;][\/vc_column][\/vc_row][vc_row motts_theme_padding=&#8220;no&#8220; css=&#8220;.vc_custom_1603890411927{margin-right: 0px !important;margin-left: 0px !important;}&#8220;][vc_column css=&#8220;.vc_custom_1603890418265{padding-right: 0px !important;padding-left: 0px !important;}&#8220;][ts_gallery_grid details=&#8220;%5B%7B%22image%22%3A%22270%22%2C%22title%22%3A%22Image%22%7D%2C%7B%22image%22%3A%22488%22%2C%22title%22%3A%22Image%22%7D%2C%7B%22image%22%3A%22489%22%2C%22title%22%3A%22Image%22%7D%2C%7B%22image%22%3A%22518%22%2C%22title%22%3A%22Image%22%7D%2C%7B%22image%22%3A%22495%22%2C%22title%22%3A%22Image%22%7D%2C%7B%22image%22%3A%22500%22%2C%22title%22%3A%22Image%22%7D%5D&#8220;][\/vc_column][\/vc_row][vc_row use_container=&#8220;yes&#8220; css=&#8220;.vc_custom_1603895797324{margin-right: 0px !important;margin-left: 0px !important;}&#8220;][vc_column css=&#8220;.vc_custom_1603890418265{padding-right: 0px !important;padding-left: 0px !important;}&#8220;][vc_row_inner][vc_column_inner][ts_section_title tagline=&#8220;Unsere Felder&#8220; title=&#8220;Sehen Sie sich unsere B\u00e4ume an&#8220;][\/vc_column_inner][\/vc_row_inner][vc_row_inner css=&#8220;.vc_custom_1629371979857{margin-right: 35px !important;margin-left: 35px !important;}&#8220;][vc_column_inner][ts_side_image display_video_button=&#8220;show&#8220; video_button_url=&#8220;https:\/\/balbil.com\/videos\/20210620_130949.mp4&#8243; image=&#8220;504&#8243; alt=&#8220;Image&#8220;][\/vc_column_inner][\/vc_row_inner][\/vc_column][\/vc_row]<\/p>\n","protected":false},"excerpt":{"rendered":"<p>[vc_row motts_theme_padding=&#8220;no&#8220; use_container=&#8220;yes&#8220; css=&#8220;.vc_custom_1603886300690{padding-top: 100px !important;}&#8220;][vc_column][vc_row_inner][vc_column_inner][ts_section_title align=&#8220;text-left&#8220; tagline=&#8220;Wer wir sind&#8220; title=&#8220;Ein vorbildliches Exportunternehmen im Herzen des Peloponnes&#8220;][\/vc_column_inner][\/vc_row_inner][vc_row_inner content_placement=&#8220;middle&#8220;][vc_column_inner offset=&#8220;vc_col-md-6&#8243;][ts_side_content description=&#8220;From rural crafts and traditions, practical and inspiring gardening tips, delicious recipes, wildlife, four-legged friends and great places to visit, to discovering more about your food provenance and how you can back British farming, Countryside aims [&hellip;]<\/p>\n","protected":false},"author":1,"featured_media":0,"parent":0,"menu_order":0,"comment_status":"closed","ping_status":"closed","template":"page-builder.php","meta":{"footnotes":""},"class_list":["post-805","page","type-page","status-publish","hentry"],"_links":{"self":[{"href":"https:\/\/balbil.com\/de\/wp-json\/wp\/v2\/pages\/805","targetHints":{"allow":["GET"]}}],"collection":[{"href":"https:\/\/balbil.com\/de\/wp-json\/wp\/v2\/pages"}],"about":[{"href":"https:\/\/balbil.com\/de\/wp-json\/wp\/v2\/types\/page"}],"author":[{"embeddable":true,"href":"https:\/\/balbil.com\/de\/wp-json\/wp\/v2\/users\/1"}],"replies":[{"embeddable":true,"href":"https:\/\/balbil.com\/de\/wp-json\/wp\/v2\/comments?post=805"}],"version-history":[{"count":5,"href":"https:\/\/balbil.com\/de\/wp-json\/wp\/v2\/pages\/805\/revisions"}],"predecessor-version":[{"id":947,"href":"https:\/\/balbil.com\/de\/wp-json\/wp\/v2\/pages\/805\/revisions\/947"}],"wp:attachment":[{"href":"https:\/\/balbil.com\/de\/wp-json\/wp\/v2\/media?parent=805"}],"curies":[{"name":"wp","href":"https:\/\/api.w.org\/{rel}","templated":true}]}}