{"id":834,"date":"2020-10-27T05:03:58","date_gmt":"2020-10-27T05:03:58","guid":{"rendered":"https:\/\/balbil.com\/oranges\/"},"modified":"2021-09-21T11:54:51","modified_gmt":"2021-09-21T08:54:51","slug":"oranges","status":"publish","type":"page","link":"https:\/\/balbil.com\/de\/oranges\/","title":{"rendered":"Orangen"},"content":{"rendered":"<p>[vc_row use_container=&#8220;yes&#8220;][vc_column][vc_row_inner][vc_column_inner][ts_section_title align=&#8220;text-left&#8220; title=&#8220;Orangen &#8222;][\/vc_column_inner][\/vc_row_inner][vc_row_inner][vc_column_inner width=&#8220;1\/2&#8220;][ts_text_box]<\/p>\n<div>Es ist ein immergr\u00fcner Obstbaum und geh\u00f6rt zu den Zitrusfr\u00fcchten. Die Bl\u00fcten sind wei\u00df, recht gro\u00df und duftend und erscheinen im Fr\u00fchjahr und Sommer einzeln an den Zweigen. Ein kleiner Prozentsatz dieser Bl\u00fcten wird zu Fr\u00fcchten, w\u00e4hrend die meisten Bl\u00fcten abfallen. Eine Fruchtbildung von etwa 10% wird f\u00fcr unseren Baum als zufriedenstellend angesehen.<\/div>\n<div><\/div>\n<p>[\/ts_text_box][\/vc_column_inner][vc_column_inner width=&#8220;1\/2&#8243;][ts_text_box]<\/p>\n<div>Sie wachsen in sonnigen, wind- und frost gesch\u00fctzten Lagen. Sie wachsen an sonnigen, wind- und frost gesch\u00fctzten Standorten. Die Pflanzorte m\u00fcssen vor Wind und Frost gesch\u00fctzt werden. Sie brauchen regelm\u00e4\u00dfige Bew\u00e4sserung, besonders in den Sommermonaten, und Schmiermittel. Orangen werden unterschieden in die gew\u00f6hnlichen Sorten, die Kordeln, die blutfarbenen und die s\u00fc\u00dfen Sorten.<\/div>\n<div><\/div>\n<p>[\/ts_text_box][\/vc_column_inner][\/vc_row_inner][vc_row_inner][vc_column_inner][vc_empty_space height=&#8220;70px&#8220;][\/vc_column_inner][\/vc_row_inner][vc_row_inner][vc_column_inner width=&#8220;1\/2&#8243;][vc_single_image image=&#8220;486&#8243; img_size=&#8220;570&#215;410&#8243; alignment=&#8220;center&#8220;][\/vc_column_inner][vc_column_inner width=&#8220;1\/2&#8243;][vc_empty_space height=&#8220;96px&#8220;][vc_column_text]<\/p>\n<h3>Sorte Merlin<\/h3>\n<div>Diese Sorte macht etwa 60% der Produktion in Griechenland aus. Sie hat sehr schmackhafte Fr\u00fcchte mit einem angenehmen Aroma und sporenfreiem Fruchtfleisch, die einen m\u00e4\u00dfigen Saftertrag mit einer leichten Bitterkeit ergeben. Ihre Saison ist von November bis M\u00e4rz.<\/div>\n<p>[\/vc_column_text][\/vc_column_inner][\/vc_row_inner][vc_row_inner][vc_column_inner width=&#8220;1\/2&#8243;][vc_single_image image=&#8220;478&#8243; img_size=&#8220;570&#215;410&#8243; alignment=&#8220;center&#8220;][\/vc_column_inner][vc_column_inner width=&#8220;1\/2&#8243;][vc_empty_space height=&#8220;96px&#8220;][vc_column_text]<\/p>\n<h3>Sorte Navalina<\/h3>\n<div>Orangen dieser Sorte sind mittelgro\u00df, haben eine dicke Schale (ideal f\u00fcr L\u00f6ffels\u00fc\u00df), einen Scheitel und sind entsteint. Im Vergleich zu Merlin sind sie saftiger und weniger s\u00fc\u00df. Ihre Saison ist von Oktober bis Januar.<\/div>\n<p>[\/vc_column_text][\/vc_column_inner][\/vc_row_inner][vc_row_inner][vc_column_inner width=&#8220;1\/2&#8243;][vc_single_image image=&#8220;482&#8243; img_size=&#8220;570&#215;410&#8243; alignment=&#8220;center&#8220;][\/vc_column_inner][vc_column_inner width=&#8220;1\/2&#8243;][vc_empty_space height=&#8220;96px&#8220;][vc_column_text]<\/p>\n<h3>Sorte New Hall<\/h3>\n<div>Ihre Orangen sind wie die der Sorte Navalina mittelgro\u00df, aber sie sind leicht oval, haben eine kleine Spitze und ein s\u00fc\u00dfes Fruchtfleisch. Ihre Saison ist von Oktober bis Januar.<\/div>\n<p>[\/vc_column_text][\/vc_column_inner][\/vc_row_inner][vc_row_inner][vc_column_inner width=&#8220;1\/2&#8243;][vc_single_image image=&#8220;502&#8243; img_size=&#8220;570&#215;410&#8243; alignment=&#8220;center&#8220;][\/vc_column_inner][vc_column_inner width=&#8220;1\/2&#8243;][vc_empty_space height=&#8220;96px&#8220;][vc_column_text]<\/p>\n<h3>Sorte Valencia<\/h3>\n<div>Es handelt sich um die beliebteste Sorte der Welt und um eine robuste Sorte, die sich leicht an viele Bodentypen anpassen l\u00e4sst. Sie liefert mittelgro\u00dfe bis gro\u00dfe Orangen mit glatter, d\u00fcnner Schale und wenigen oder keinen Kernen. Mit gelblichem und sehr saftigem Fruchtfleisch, intensivem Geschmack &#8211; leicht s\u00e4uerlich &#8211; gelten sie als die besten Orangen zum Auspressen. Ihre Saison ist von M\u00e4rz bis September.<\/div>\n<p>[\/vc_column_text][\/vc_column_inner][\/vc_row_inner][\/vc_column][\/vc_row]<\/p>\n","protected":false},"excerpt":{"rendered":"<p>[vc_row use_container=&#8220;yes&#8220;][vc_column][vc_row_inner][vc_column_inner][ts_section_title align=&#8220;text-left&#8220; title=&#8220;Orangen &#8222;][\/vc_column_inner][\/vc_row_inner][vc_row_inner][vc_column_inner width=&#8220;1\/2&#8220;][ts_text_box] Es ist ein immergr\u00fcner Obstbaum und geh\u00f6rt zu den Zitrusfr\u00fcchten. Die Bl\u00fcten sind wei\u00df, recht gro\u00df und duftend und erscheinen im Fr\u00fchjahr und Sommer einzeln an den Zweigen. Ein kleiner Prozentsatz dieser Bl\u00fcten wird zu Fr\u00fcchten, w\u00e4hrend die meisten Bl\u00fcten abfallen. Eine Fruchtbildung von etwa 10% wird f\u00fcr unseren [&hellip;]<\/p>\n","protected":false},"author":1,"featured_media":0,"parent":0,"menu_order":0,"comment_status":"closed","ping_status":"closed","template":"page-builder.php","meta":{"footnotes":""},"class_list":["post-834","page","type-page","status-publish","hentry"],"_links":{"self":[{"href":"https:\/\/balbil.com\/de\/wp-json\/wp\/v2\/pages\/834","targetHints":{"allow":["GET"]}}],"collection":[{"href":"https:\/\/balbil.com\/de\/wp-json\/wp\/v2\/pages"}],"about":[{"href":"https:\/\/balbil.com\/de\/wp-json\/wp\/v2\/types\/page"}],"author":[{"embeddable":true,"href":"https:\/\/balbil.com\/de\/wp-json\/wp\/v2\/users\/1"}],"replies":[{"embeddable":true,"href":"https:\/\/balbil.com\/de\/wp-json\/wp\/v2\/comments?post=834"}],"version-history":[{"count":2,"href":"https:\/\/balbil.com\/de\/wp-json\/wp\/v2\/pages\/834\/revisions"}],"predecessor-version":[{"id":838,"href":"https:\/\/balbil.com\/de\/wp-json\/wp\/v2\/pages\/834\/revisions\/838"}],"wp:attachment":[{"href":"https:\/\/balbil.com\/de\/wp-json\/wp\/v2\/media?parent=834"}],"curies":[{"name":"wp","href":"https:\/\/api.w.org\/{rel}","templated":true}]}}