{"id":841,"date":"2021-08-19T17:26:50","date_gmt":"2021-08-19T14:26:50","guid":{"rendered":"https:\/\/balbil.com\/tangerines\/"},"modified":"2021-09-21T11:58:29","modified_gmt":"2021-09-21T08:58:29","slug":"tangerines","status":"publish","type":"page","link":"https:\/\/balbil.com\/de\/tangerines\/","title":{"rendered":"Mandarinen"},"content":{"rendered":"<p>[vc_row use_container=&#8220;yes&#8220;][vc_column][vc_row_inner][vc_column_inner][ts_section_title align=&#8220;text-left&#8220; title=&#8220;Mandarinen&#8220;][\/vc_column_inner][\/vc_row_inner][vc_row_inner][vc_column_inner width=&#8220;1\/2&#8243;][ts_text_box]<\/p>\n<div>\n<p>Sie sind die Fr\u00fcchte der Mandarine, eines kleinen Zitrusbaums. Ihre Form ist ellipsoidisch und nicht kugelf\u00f6rmig. Mandarinen werden in der Regel roh oder in Obstsalaten verzehrt. Der Baum ist widerstandsf\u00e4higer gegen Trockenheit als die Frucht. Der Baum ist immergr\u00fcn, empfindlich und wird leicht durch K\u00e4lte besch\u00e4digt. Die B\u00e4ume wachsen in tropischen und subtropischen Klimazonen.<\/p>\n<\/div>\n<div><\/div>\n<p>[\/ts_text_box][\/vc_column_inner][vc_column_inner width=&#8220;1\/2&#8243;][ts_text_box]Wie alle Zitrusfr\u00fcchte, so wachsen auch die Mandarinen an sonnigen und vor starken Winden und Frost gesch\u00fctzten Standorten. Sie brauchen regelm\u00e4\u00dfige Bew\u00e4sserung und regelm\u00e4\u00dfige Schmierung. Die Mandarine hat viele Namen, von denen sich einige auf Kreuzungen zwischen Mandarinen und anderen Zitruspflanzen beziehen.[\/ts_text_box][\/vc_column_inner][\/vc_row_inner][vc_row_inner][vc_column_inner][vc_empty_space height=&#8220;70px&#8220;][\/vc_column_inner][\/vc_row_inner][vc_row_inner][vc_column_inner width=&#8220;1\/2&#8243;][vc_single_image image=&#8220;606&#8243; img_size=&#8220;570&#215;410&#8243; alignment=&#8220;center&#8220;][\/vc_column_inner][vc_column_inner width=&#8220;1\/2&#8243;][vc_empty_space height=&#8220;96px&#8220;][vc_column_text]<\/p>\n<h3>Sorte Ortanique<\/h3>\n<div>\n<p>Der Baum ist robust, gro\u00df und ertragreich. Die Fr\u00fcchte sind aromatisch, schmackhaft und sehr saftig, mit einem hohen Saftgehalt und guten organoleptischen Eigenschaften. Die Ernte beginnt Anfang Februar, nach der NOVA, bis Juni.<\/p>\n<\/div>\n<p>[\/vc_column_text][\/vc_column_inner][\/vc_row_inner][vc_row_inner][vc_column_inner width=&#8220;1\/2&#8243;][vc_single_image image=&#8220;619&#8243; img_size=&#8220;570&#215;410&#8243; alignment=&#8220;center&#8220;][\/vc_column_inner][vc_column_inner width=&#8220;1\/2&#8243;][vc_empty_space height=&#8220;96px&#8220;][vc_column_text]<\/p>\n<h3>Sorte Nova<\/h3>\n<div>\n<p>Die Fr\u00fcchte haben eine intensive r\u00f6tliche Farbe, sind reich an Saft und kernlos. Sp\u00e4te Sorte und mit gro\u00dfer Resistenz gegen K\u00fchlkammern. Handelsf\u00e4hige Sorte. Ernte Anfang Dezember.<\/p>\n<\/div>\n<p>[\/vc_column_text][\/vc_column_inner][\/vc_row_inner][\/vc_column][\/vc_row]<\/p>\n","protected":false},"excerpt":{"rendered":"<p>[vc_row use_container=&#8220;yes&#8220;][vc_column][vc_row_inner][vc_column_inner][ts_section_title align=&#8220;text-left&#8220; title=&#8220;Mandarinen&#8220;][\/vc_column_inner][\/vc_row_inner][vc_row_inner][vc_column_inner width=&#8220;1\/2&#8243;][ts_text_box] Sie sind die Fr\u00fcchte der Mandarine, eines kleinen Zitrusbaums. Ihre Form ist ellipsoidisch und nicht kugelf\u00f6rmig. Mandarinen werden in der Regel roh oder in Obstsalaten verzehrt. Der Baum ist widerstandsf\u00e4higer gegen Trockenheit als die Frucht. Der Baum ist immergr\u00fcn, empfindlich und wird leicht durch K\u00e4lte besch\u00e4digt. Die B\u00e4ume wachsen in [&hellip;]<\/p>\n","protected":false},"author":1,"featured_media":0,"parent":0,"menu_order":0,"comment_status":"closed","ping_status":"closed","template":"page-builder.php","meta":{"footnotes":""},"class_list":["post-841","page","type-page","status-publish","hentry"],"_links":{"self":[{"href":"https:\/\/balbil.com\/de\/wp-json\/wp\/v2\/pages\/841","targetHints":{"allow":["GET"]}}],"collection":[{"href":"https:\/\/balbil.com\/de\/wp-json\/wp\/v2\/pages"}],"about":[{"href":"https:\/\/balbil.com\/de\/wp-json\/wp\/v2\/types\/page"}],"author":[{"embeddable":true,"href":"https:\/\/balbil.com\/de\/wp-json\/wp\/v2\/users\/1"}],"replies":[{"embeddable":true,"href":"https:\/\/balbil.com\/de\/wp-json\/wp\/v2\/comments?post=841"}],"version-history":[{"count":3,"href":"https:\/\/balbil.com\/de\/wp-json\/wp\/v2\/pages\/841\/revisions"}],"predecessor-version":[{"id":846,"href":"https:\/\/balbil.com\/de\/wp-json\/wp\/v2\/pages\/841\/revisions\/846"}],"wp:attachment":[{"href":"https:\/\/balbil.com\/de\/wp-json\/wp\/v2\/media?parent=841"}],"curies":[{"name":"wp","href":"https:\/\/api.w.org\/{rel}","templated":true}]}}