{"id":849,"date":"2021-08-19T18:24:25","date_gmt":"2021-08-19T15:24:25","guid":{"rendered":"https:\/\/balbil.com\/watermelons\/"},"modified":"2021-09-21T12:01:00","modified_gmt":"2021-09-21T09:01:00","slug":"watermelons","status":"publish","type":"page","link":"https:\/\/balbil.com\/de\/watermelons\/","title":{"rendered":"Wassermelone"},"content":{"rendered":"<p>[vc_row use_container=&#8220;yes&#8220;][vc_column][vc_row_inner][vc_column_inner][ts_section_title align=&#8220;text-left&#8220; title=&#8220;Wassermelone &#8222;][\/vc_column_inner][\/vc_row_inner][vc_row_inner][vc_column_inner width=&#8220;1\/2&#8220;][ts_text_box]<\/p>\n<div>Die Wassermelone ist eine gro\u00dfe Frucht, wissenschaftlich bekannt als Citrullus lanatus. Sie stammt aus S\u00fcdafrika und geh\u00f6rt zur gleichen Familie wie Melonen, Zucchini, K\u00fcrbisse und Gurken (Cucurbitaceae). Es gibt 5 g\u00e4ngige Sorten von Wassermelonen: mit Kernen, kernlos, mini, gelb und orange.<\/div>\n<div><\/div>\n<p>[\/ts_text_box][\/vc_column_inner][vc_column_inner width=&#8220;1\/2&#8243;][ts_text_box]Die Wassermelone enth\u00e4lt viel Wasser und N\u00e4hrstoffe, hat wenig Kalorien und ist sehr erfrischend. Au\u00dferdem ist sie eine gute Nahrungsquelle f\u00fcr <strong>Citrullin<\/strong> und <strong>Lycopin<\/strong>, zwei sehr wichtige sekund\u00e4re Pflanzenstoffe.[\/ts_text_box][\/vc_column_inner][\/vc_row_inner][vc_row_inner][vc_column_inner][vc_empty_space height=&#8220;70px&#8220;][\/vc_column_inner][\/vc_row_inner][vc_row_inner][vc_column_inner width=&#8220;1\/2&#8243;][vc_single_image image=&#8220;640&#8243; img_size=&#8220;570&#215;410&#8243; alignment=&#8220;center&#8220;][\/vc_column_inner][vc_column_inner width=&#8220;1\/2&#8243;][vc_empty_space height=&#8220;96px&#8220;][vc_column_text]Der Verzehr von Wassermelonen (oder des Saftes) kann viele gesundheitliche Vorteile haben, darunter die Senkung des Blutdrucks, die Verbesserung der Insulinempfindlichkeit und die Wiederherstellung verletzter Muskeln[\/vc_column_text][\/vc_column_inner][\/vc_row_inner][\/vc_column][\/vc_row]<\/p>\n","protected":false},"excerpt":{"rendered":"<p>[vc_row use_container=&#8220;yes&#8220;][vc_column][vc_row_inner][vc_column_inner][ts_section_title align=&#8220;text-left&#8220; title=&#8220;Wassermelone &#8222;][\/vc_column_inner][\/vc_row_inner][vc_row_inner][vc_column_inner width=&#8220;1\/2&#8220;][ts_text_box] Die Wassermelone ist eine gro\u00dfe Frucht, wissenschaftlich bekannt als Citrullus lanatus. Sie stammt aus S\u00fcdafrika und geh\u00f6rt zur gleichen Familie wie Melonen, Zucchini, K\u00fcrbisse und Gurken (Cucurbitaceae). Es gibt 5 g\u00e4ngige Sorten von Wassermelonen: mit Kernen, kernlos, mini, gelb und orange. [\/ts_text_box][\/vc_column_inner][vc_column_inner width=&#8220;1\/2&#8243;][ts_text_box]Die Wassermelone enth\u00e4lt viel Wasser und N\u00e4hrstoffe, [&hellip;]<\/p>\n","protected":false},"author":1,"featured_media":0,"parent":0,"menu_order":0,"comment_status":"closed","ping_status":"closed","template":"page-builder.php","meta":{"footnotes":""},"class_list":["post-849","page","type-page","status-publish","hentry"],"_links":{"self":[{"href":"https:\/\/balbil.com\/de\/wp-json\/wp\/v2\/pages\/849","targetHints":{"allow":["GET"]}}],"collection":[{"href":"https:\/\/balbil.com\/de\/wp-json\/wp\/v2\/pages"}],"about":[{"href":"https:\/\/balbil.com\/de\/wp-json\/wp\/v2\/types\/page"}],"author":[{"embeddable":true,"href":"https:\/\/balbil.com\/de\/wp-json\/wp\/v2\/users\/1"}],"replies":[{"embeddable":true,"href":"https:\/\/balbil.com\/de\/wp-json\/wp\/v2\/comments?post=849"}],"version-history":[{"count":1,"href":"https:\/\/balbil.com\/de\/wp-json\/wp\/v2\/pages\/849\/revisions"}],"predecessor-version":[{"id":852,"href":"https:\/\/balbil.com\/de\/wp-json\/wp\/v2\/pages\/849\/revisions\/852"}],"wp:attachment":[{"href":"https:\/\/balbil.com\/de\/wp-json\/wp\/v2\/media?parent=849"}],"curies":[{"name":"wp","href":"https:\/\/api.w.org\/{rel}","templated":true}]}}